{"id":27506,"date":"2023-06-12T13:44:32","date_gmt":"2023-06-12T13:44:32","guid":{"rendered":"https:\/\/amida4.com\/aviso-legal\/"},"modified":"2024-05-31T09:25:14","modified_gmt":"2024-05-31T09:25:14","slug":"aviso-legal","status":"publish","type":"page","link":"https:\/\/amida4.com\/es\/aviso-legal\/","title":{"rendered":"Aviso Legal"},"content":{"rendered":"\t\t<div data-elementor-type=\"wp-page\" data-elementor-id=\"27506\" class=\"elementor elementor-27506 elementor-25392\" data-elementor-post-type=\"page\">\n\t\t\t\t\t\t<section class=\"elementor-section elementor-inner-section elementor-element elementor-element-ed7fe40 scheme_dark elementor-section-full_width elementor-section-height-default elementor-section-height-default sc_fly_static\" data-id=\"ed7fe40\" data-element_type=\"section\" data-e-type=\"section\" data-settings=\"{&quot;background_background&quot;:&quot;classic&quot;}\">\n\t\t\t\t\t\t\t<div class=\"elementor-background-overlay\"><\/div>\n\t\t\t\t\t\t\t<div class=\"elementor-container elementor-column-gap-extended\">\n\t\t\t\t\t<div class=\"elementor-column elementor-col-100 elementor-inner-column elementor-element elementor-element-78e889a sc_content_align_inherit sc_layouts_column_icons_position_left sc_fly_static\" data-id=\"78e889a\" data-element_type=\"column\" data-e-type=\"column\" data-settings=\"{&quot;background_background&quot;:&quot;classic&quot;}\">\n\t\t\t<div class=\"elementor-widget-wrap\">\n\t\t\t\t\t\t\t<\/div>\n\t\t<\/div>\n\t\t\t\t\t<\/div>\n\t\t<\/section>\n\t\t\t\t<section class=\"elementor-section elementor-top-section elementor-element elementor-element-9ab17e2 elementor-section-full_width elementor-section-height-default elementor-section-height-default sc_fly_static\" data-id=\"9ab17e2\" data-element_type=\"section\" data-e-type=\"section\" data-settings=\"{&quot;background_background&quot;:&quot;classic&quot;}\">\n\t\t\t\t\t\t<div class=\"elementor-container elementor-column-gap-extended\">\n\t\t\t\t\t<div class=\"elementor-column elementor-col-50 elementor-top-column elementor-element elementor-element-70befb8 sc_content_align_inherit sc_layouts_column_icons_position_left sc_fly_static\" data-id=\"70befb8\" data-element_type=\"column\" data-e-type=\"column\">\n\t\t\t<div class=\"elementor-widget-wrap elementor-element-populated\">\n\t\t\t\t\t\t<div class=\"elementor-element elementor-element-b12a7b2 sc_fly_static elementor-widget elementor-widget-trx_sc_title\" data-id=\"b12a7b2\" data-element_type=\"widget\" data-e-type=\"widget\" data-widget_type=\"trx_sc_title.default\">\n\t\t\t\t<div class=\"elementor-widget-container\">\n\t\t\t\t\t<div\t\tclass=\"sc_title sc_title_default\" ><h1 class=\"sc_item_title sc_title_title sc_item_title_style_default sc_item_title_tag\"\n\t\t\t><span class=\"sc_item_title_text\">Aviso Legal<\/span><\/h1><\/div>\t\t\t\t<\/div>\n\t\t\t\t<\/div>\n\t\t\t\t<div class=\"elementor-element elementor-element-6b621ec sc_fly_static elementor-widget elementor-widget-spacer\" data-id=\"6b621ec\" data-element_type=\"widget\" data-e-type=\"widget\" data-widget_type=\"spacer.default\">\n\t\t\t\t<div class=\"elementor-widget-container\">\n\t\t\t\t\t\t\t<div class=\"elementor-spacer\">\n\t\t\t<div class=\"elementor-spacer-inner\"><\/div>\n\t\t<\/div>\n\t\t\t\t\t\t<\/div>\n\t\t\t\t<\/div>\n\t\t\t\t\t<\/div>\n\t\t<\/div>\n\t\t\t\t<div class=\"elementor-column elementor-col-50 elementor-top-column elementor-element elementor-element-ee8deee sc_content_align_inherit sc_layouts_column_icons_position_left sc_fly_static\" data-id=\"ee8deee\" data-element_type=\"column\" data-e-type=\"column\">\n\t\t\t<div class=\"elementor-widget-wrap elementor-element-populated\">\n\t\t\t\t\t\t<div class=\"elementor-element elementor-element-b4fbd7d elementor-widget__width-initial sc_fly_static elementor-widget elementor-widget-text-editor\" data-id=\"b4fbd7d\" data-element_type=\"widget\" data-e-type=\"widget\" data-widget_type=\"text-editor.default\">\n\t\t\t\t<div class=\"elementor-widget-container\">\n\t\t\t\t\t\t\t\t\t<p>En cumplimiento con el deber de informaci\u00f3n recogido en el art\u00edculo 10 de la Ley 34\/2002, de 11 de julio, de Servicios de la Sociedad de la Informaci\u00f3n y del Comercio Electr\u00f3nico (LSSICE), el propietario de la web www. amida4.com, le informa de lo siguiente:<\/p>\n<p>\u2022 Denominaci\u00f3 social: <strong>Amida4 Enginyeria SL<\/p>\n<p><\/strong>\u2022 NIF: B65090607<\/p>\n<p>\u2022 Domicilio: C\/ Gran Bretanya 11 nau 1. Pol. Ind. Les Comes. 08700 Igualada (Barcelona)<\/p>\n<p>\u2022 Inscrita en el Registro Mercantil de Barcelona en el Tomo 48024, folio 6, secci\u00f3n general, hoja n\u00famero B-569827, inscripci\u00f3n 1<\/p>\n<p>Con los l\u00edmites establecidos en la ley, www.amida4.com no asume responsabilidad alguna derivada de la falta de veracidad, integridad, actualizaci\u00f3n y precisi\u00f3n de los datos o informaciones que se contienen en sus p\u00e1ginas de Internet.<\/p>\n<p>Los contenidos e informaci\u00f3n no vinculan a www.amida4.com ni constituyen opiniones, consejos o asesoramiento legal de ning\u00fan tipo, puesto que se trata tan s\u00f3lo de un servicio ofrecido con car\u00e1cter informativo y divulgativo.<\/p>\n<p>Las p\u00e1ginas de Internet de www.amida4.com pueden contener enlaces (links) a otras p\u00e1ginas de terceras partes que www.amida4.com no puede controlar. Por tanto, www.amida4.com no puede asumir responsabilidades por el contenido que pueda aparecer en p\u00e1ginas de terceros.<\/p>\n<p>Los textos, im\u00e1genes, sonidos, animaciones, software y dem\u00e1s contenidos incluidos en este sitio web son propiedad exclusiva de www.amida4.com o sus licenciadores. Cualquier acto de transmisi\u00f3n, distribuci\u00f3n, cesi\u00f3n, reproducci\u00f3n, almacenamiento o comunicaci\u00f3n p\u00fablica total o parcial debe contar con el consentimiento expreso de www.amida4.com.<\/p>\n<p>Asimismo, para acceder a algunos de los servicios que www.amida4.com ofrece a trav\u00e9s del sitio web. Deber\u00e1 proporcionar algunos datos de car\u00e1cter personal. En cumplimiento con lo establecido en el Reglamento (UE) 2016\/679 del Parlamento Europeo y del Consejo, de 27 de abril de 2016, relativo a la protecci\u00f3n de las personas f\u00edsicas en cuanto al tratamiento de datos personales y la libre circulaci\u00f3n de \u00e9stas datos, le informamos que, a trav\u00e9s de la cumplimentaci\u00f3n de los presentes formularios, sus datos personales quedar\u00e1n incorporados y ser\u00e1n tratados en los ficheros de <strong>Amida4 Ingenier\u00eda SL con el fin de poderle prestar y ofrecer nuestros servicios, as\u00ed como para informarle de las mejoras del sitio web.<\/strong> Asimismo, le informamos de la posibilidad de ejercitar los derechos de acceso, rectificaci\u00f3n, cancelaci\u00f3n y oposici\u00f3n de sus datos de car\u00e1cter personal, de forma gratuita mediante e-mail a info@amida4.com oa la direcci\u00f3n C\/ Gran Breta\u00f1a 11 nave 1. Pol. Ind. Les Comes. 08700 Igualada (Barcelona).<\/p>\n\t\t\t\t\t\t\t\t<\/div>\n\t\t\t\t<\/div>\n\t\t\t\t<div class=\"elementor-element elementor-element-dacfeec sc_fly_static elementor-widget elementor-widget-spacer\" data-id=\"dacfeec\" data-element_type=\"widget\" data-e-type=\"widget\" data-widget_type=\"spacer.default\">\n\t\t\t\t<div class=\"elementor-widget-container\">\n\t\t\t\t\t\t\t<div class=\"elementor-spacer\">\n\t\t\t<div class=\"elementor-spacer-inner\"><\/div>\n\t\t<\/div>\n\t\t\t\t\t\t<\/div>\n\t\t\t\t<\/div>\n\t\t\t\t\t<\/div>\n\t\t<\/div>\n\t\t\t\t\t<\/div>\n\t\t<\/section>\n\t\t\t\t<\/div>\n\t\t","protected":false},"excerpt":{"rendered":"<p>Aviso Legal En cumplimiento con el deber de informaci\u00f3n recogido en el art\u00edculo 10 de&hellip;<\/p>\n","protected":false},"author":1,"featured_media":0,"parent":0,"menu_order":0,"comment_status":"closed","ping_status":"closed","template":"","meta":{"inline_featured_image":false,"footnotes":""},"class_list":["post-27506","page","type-page","status-publish","hentry"],"yoast_head":"<!-- This site is optimized with the Yoast SEO plugin v27.2 - https:\/\/yoast.com\/product\/yoast-seo-wordpress\/ -->\n<title>Aviso Legal | Amida 4<\/title>\n<meta name=\"robots\" content=\"index, follow, max-snippet:-1, max-image-preview:large, max-video-preview:-1\" \/>\n<link rel=\"canonical\" href=\"https:\/\/amida4.com\/aviso-legal\/\" \/>\n<meta property=\"og:locale\" content=\"es_ES\" \/>\n<meta property=\"og:type\" content=\"article\" \/>\n<meta property=\"og:title\" content=\"Aviso Legal | Amida 4\" \/>\n<meta property=\"og:description\" content=\"Aviso Legal En cumplimiento con el deber de informaci\u00f3n recogido en el art\u00edculo 10 de&hellip;\" \/>\n<meta property=\"og:url\" content=\"https:\/\/amida4.com\/aviso-legal\/\" \/>\n<meta property=\"og:site_name\" content=\"Amida 4\" \/>\n<meta property=\"article:modified_time\" content=\"2024-05-31T09:25:14+00:00\" \/>\n<meta property=\"og:image\" content=\"https:\/\/amida4.com\/wp-content\/uploads\/2023\/07\/Recurso-7@2x.png\" \/>\n\t<meta property=\"og:image:width\" content=\"471\" \/>\n\t<meta property=\"og:image:height\" content=\"470\" \/>\n\t<meta property=\"og:image:type\" content=\"image\/png\" \/>\n<meta name=\"twitter:card\" content=\"summary_large_image\" \/>\n<meta name=\"twitter:label1\" content=\"Tiempo de lectura\" \/>\n\t<meta name=\"twitter:data1\" content=\"2 minutos\" \/>\n<script type=\"application\/ld+json\" class=\"yoast-schema-graph\">{\"@context\":\"https:\/\/schema.org\",\"@graph\":[{\"@type\":\"WebPage\",\"@id\":\"https:\/\/amida4.com\/aviso-legal\/\",\"url\":\"https:\/\/amida4.com\/aviso-legal\/\",\"name\":\"Aviso Legal | Amida 4\",\"isPartOf\":{\"@id\":\"https:\/\/amida4.com\/#website\"},\"datePublished\":\"2023-06-12T13:44:32+00:00\",\"dateModified\":\"2024-05-31T09:25:14+00:00\",\"breadcrumb\":{\"@id\":\"https:\/\/amida4.com\/aviso-legal\/#breadcrumb\"},\"inLanguage\":\"es\",\"potentialAction\":[{\"@type\":\"ReadAction\",\"target\":[\"https:\/\/amida4.com\/aviso-legal\/\"]}]},{\"@type\":\"BreadcrumbList\",\"@id\":\"https:\/\/amida4.com\/aviso-legal\/#breadcrumb\",\"itemListElement\":[{\"@type\":\"ListItem\",\"position\":1,\"name\":\"Inici\",\"item\":\"https:\/\/amida4.com\/es\/\"},{\"@type\":\"ListItem\",\"position\":2,\"name\":\"Aviso Legal\"}]},{\"@type\":\"WebSite\",\"@id\":\"https:\/\/amida4.com\/#website\",\"url\":\"https:\/\/amida4.com\/\",\"name\":\"Amida4\",\"description\":\"Enginyeria especialitzada en tecnologies d&#039;automatitzacio, control i supervisi\u00f3 de m\u00e0quines, equips i processos.\",\"publisher\":{\"@id\":\"https:\/\/amida4.com\/#organization\"},\"alternateName\":\"Enginyeria especialitzada en tecnologies\",\"potentialAction\":[{\"@type\":\"SearchAction\",\"target\":{\"@type\":\"EntryPoint\",\"urlTemplate\":\"https:\/\/amida4.com\/?s={search_term_string}\"},\"query-input\":{\"@type\":\"PropertyValueSpecification\",\"valueRequired\":true,\"valueName\":\"search_term_string\"}}],\"inLanguage\":\"es\"},{\"@type\":\"Organization\",\"@id\":\"https:\/\/amida4.com\/#organization\",\"name\":\"Amida4\",\"url\":\"https:\/\/amida4.com\/\",\"logo\":{\"@type\":\"ImageObject\",\"inLanguage\":\"es\",\"@id\":\"https:\/\/amida4.com\/#\/schema\/logo\/image\/\",\"url\":\"https:\/\/amida4.com\/wp-content\/uploads\/2023\/07\/cropped-Recurso-7@2x.png\",\"contentUrl\":\"https:\/\/amida4.com\/wp-content\/uploads\/2023\/07\/cropped-Recurso-7@2x.png\",\"width\":512,\"height\":512,\"caption\":\"Amida4\"},\"image\":{\"@id\":\"https:\/\/amida4.com\/#\/schema\/logo\/image\/\"}}]}<\/script>\n<!-- \/ Yoast SEO plugin. -->","yoast_head_json":{"title":"Aviso Legal | Amida 4","robots":{"index":"index","follow":"follow","max-snippet":"max-snippet:-1","max-image-preview":"max-image-preview:large","max-video-preview":"max-video-preview:-1"},"canonical":"https:\/\/amida4.com\/aviso-legal\/","og_locale":"es_ES","og_type":"article","og_title":"Aviso Legal | Amida 4","og_description":"Aviso Legal En cumplimiento con el deber de informaci\u00f3n recogido en el art\u00edculo 10 de&hellip;","og_url":"https:\/\/amida4.com\/aviso-legal\/","og_site_name":"Amida 4","article_modified_time":"2024-05-31T09:25:14+00:00","og_image":[{"width":471,"height":470,"url":"https:\/\/amida4.com\/wp-content\/uploads\/2023\/07\/Recurso-7@2x.png","type":"image\/png"}],"twitter_card":"summary_large_image","twitter_misc":{"Tiempo de lectura":"2 minutos"},"schema":{"@context":"https:\/\/schema.org","@graph":[{"@type":"WebPage","@id":"https:\/\/amida4.com\/aviso-legal\/","url":"https:\/\/amida4.com\/aviso-legal\/","name":"Aviso Legal | Amida 4","isPartOf":{"@id":"https:\/\/amida4.com\/#website"},"datePublished":"2023-06-12T13:44:32+00:00","dateModified":"2024-05-31T09:25:14+00:00","breadcrumb":{"@id":"https:\/\/amida4.com\/aviso-legal\/#breadcrumb"},"inLanguage":"es","potentialAction":[{"@type":"ReadAction","target":["https:\/\/amida4.com\/aviso-legal\/"]}]},{"@type":"BreadcrumbList","@id":"https:\/\/amida4.com\/aviso-legal\/#breadcrumb","itemListElement":[{"@type":"ListItem","position":1,"name":"Inici","item":"https:\/\/amida4.com\/es\/"},{"@type":"ListItem","position":2,"name":"Aviso Legal"}]},{"@type":"WebSite","@id":"https:\/\/amida4.com\/#website","url":"https:\/\/amida4.com\/","name":"Amida4","description":"Enginyeria especialitzada en tecnologies d&#039;automatitzacio, control i supervisi\u00f3 de m\u00e0quines, equips i processos.","publisher":{"@id":"https:\/\/amida4.com\/#organization"},"alternateName":"Enginyeria especialitzada en tecnologies","potentialAction":[{"@type":"SearchAction","target":{"@type":"EntryPoint","urlTemplate":"https:\/\/amida4.com\/?s={search_term_string}"},"query-input":{"@type":"PropertyValueSpecification","valueRequired":true,"valueName":"search_term_string"}}],"inLanguage":"es"},{"@type":"Organization","@id":"https:\/\/amida4.com\/#organization","name":"Amida4","url":"https:\/\/amida4.com\/","logo":{"@type":"ImageObject","inLanguage":"es","@id":"https:\/\/amida4.com\/#\/schema\/logo\/image\/","url":"https:\/\/amida4.com\/wp-content\/uploads\/2023\/07\/cropped-Recurso-7@2x.png","contentUrl":"https:\/\/amida4.com\/wp-content\/uploads\/2023\/07\/cropped-Recurso-7@2x.png","width":512,"height":512,"caption":"Amida4"},"image":{"@id":"https:\/\/amida4.com\/#\/schema\/logo\/image\/"}}]}},"_links":{"self":[{"href":"https:\/\/amida4.com\/es\/wp-json\/wp\/v2\/pages\/27506","targetHints":{"allow":["GET"]}}],"collection":[{"href":"https:\/\/amida4.com\/es\/wp-json\/wp\/v2\/pages"}],"about":[{"href":"https:\/\/amida4.com\/es\/wp-json\/wp\/v2\/types\/page"}],"author":[{"embeddable":true,"href":"https:\/\/amida4.com\/es\/wp-json\/wp\/v2\/users\/1"}],"replies":[{"embeddable":true,"href":"https:\/\/amida4.com\/es\/wp-json\/wp\/v2\/comments?post=27506"}],"version-history":[{"count":4,"href":"https:\/\/amida4.com\/es\/wp-json\/wp\/v2\/pages\/27506\/revisions"}],"predecessor-version":[{"id":27607,"href":"https:\/\/amida4.com\/es\/wp-json\/wp\/v2\/pages\/27506\/revisions\/27607"}],"wp:attachment":[{"href":"https:\/\/amida4.com\/es\/wp-json\/wp\/v2\/media?parent=27506"}],"curies":[{"name":"wp","href":"https:\/\/api.w.org\/{rel}","templated":true}]}}