{"id":27509,"date":"2023-06-12T14:03:40","date_gmt":"2023-06-12T14:03:40","guid":{"rendered":"https:\/\/amida4.com\/politica-de-privacidad\/"},"modified":"2024-05-31T09:25:30","modified_gmt":"2024-05-31T09:25:30","slug":"politica-de-privacidad","status":"publish","type":"page","link":"https:\/\/amida4.com\/es\/politica-de-privacidad\/","title":{"rendered":"Pol\u00edtica de privacidad"},"content":{"rendered":"\t\t<div data-elementor-type=\"wp-page\" data-elementor-id=\"27509\" class=\"elementor elementor-27509 elementor-25432\" data-elementor-post-type=\"page\">\n\t\t\t\t\t\t<section class=\"elementor-section elementor-inner-section elementor-element elementor-element-ed7fe40 scheme_dark elementor-section-full_width elementor-section-height-default elementor-section-height-default sc_fly_static\" data-id=\"ed7fe40\" data-element_type=\"section\" data-e-type=\"section\" data-settings=\"{&quot;background_background&quot;:&quot;classic&quot;}\">\n\t\t\t\t\t\t\t<div class=\"elementor-background-overlay\"><\/div>\n\t\t\t\t\t\t\t<div class=\"elementor-container elementor-column-gap-extended\">\n\t\t\t\t\t<div class=\"elementor-column elementor-col-100 elementor-inner-column elementor-element elementor-element-78e889a sc_content_align_inherit sc_layouts_column_icons_position_left sc_fly_static\" data-id=\"78e889a\" data-element_type=\"column\" data-e-type=\"column\" data-settings=\"{&quot;background_background&quot;:&quot;classic&quot;}\">\n\t\t\t<div class=\"elementor-widget-wrap\">\n\t\t\t\t\t\t\t<\/div>\n\t\t<\/div>\n\t\t\t\t\t<\/div>\n\t\t<\/section>\n\t\t\t\t<section class=\"elementor-section elementor-top-section elementor-element elementor-element-9ab17e2 elementor-section-full_width elementor-section-height-default elementor-section-height-default sc_fly_static\" data-id=\"9ab17e2\" data-element_type=\"section\" data-e-type=\"section\" data-settings=\"{&quot;background_background&quot;:&quot;classic&quot;}\">\n\t\t\t\t\t\t<div class=\"elementor-container elementor-column-gap-extended\">\n\t\t\t\t\t<div class=\"elementor-column elementor-col-50 elementor-top-column elementor-element elementor-element-70befb8 sc_content_align_inherit sc_layouts_column_icons_position_left sc_fly_static\" data-id=\"70befb8\" data-element_type=\"column\" data-e-type=\"column\">\n\t\t\t<div class=\"elementor-widget-wrap elementor-element-populated\">\n\t\t\t\t\t\t<div class=\"elementor-element elementor-element-b12a7b2 sc_fly_static elementor-widget elementor-widget-trx_sc_title\" data-id=\"b12a7b2\" data-element_type=\"widget\" data-e-type=\"widget\" data-widget_type=\"trx_sc_title.default\">\n\t\t\t\t<div class=\"elementor-widget-container\">\n\t\t\t\t\t<div\t\tclass=\"sc_title sc_title_default\" ><h1 class=\"sc_item_title sc_title_title sc_item_title_style_default sc_item_title_tag\"\n\t\t\t><span class=\"sc_item_title_text\">Pol\u00edtica <br>de privacidad<\/span><\/h1><\/div>\t\t\t\t<\/div>\n\t\t\t\t<\/div>\n\t\t\t\t<div class=\"elementor-element elementor-element-6b621ec sc_fly_static elementor-widget elementor-widget-spacer\" data-id=\"6b621ec\" data-element_type=\"widget\" data-e-type=\"widget\" data-widget_type=\"spacer.default\">\n\t\t\t\t<div class=\"elementor-widget-container\">\n\t\t\t\t\t\t\t<div class=\"elementor-spacer\">\n\t\t\t<div class=\"elementor-spacer-inner\"><\/div>\n\t\t<\/div>\n\t\t\t\t\t\t<\/div>\n\t\t\t\t<\/div>\n\t\t\t\t\t<\/div>\n\t\t<\/div>\n\t\t\t\t<div class=\"elementor-column elementor-col-50 elementor-top-column elementor-element elementor-element-ee8deee sc_content_align_inherit sc_layouts_column_icons_position_left sc_fly_static\" data-id=\"ee8deee\" data-element_type=\"column\" data-e-type=\"column\">\n\t\t\t<div class=\"elementor-widget-wrap elementor-element-populated\">\n\t\t\t\t\t\t<div class=\"elementor-element elementor-element-b4fbd7d elementor-widget__width-initial sc_fly_static elementor-widget elementor-widget-text-editor\" data-id=\"b4fbd7d\" data-element_type=\"widget\" data-e-type=\"widget\" data-widget_type=\"text-editor.default\">\n\t\t\t\t<div class=\"elementor-widget-container\">\n\t\t\t\t\t\t\t\t\t<p><span style=\"font-size: 20pt;\">Protecci\u00f3n de datos de car\u00e1cter personal seg\u00fan el RGPD<\/span><\/p>\n<p><strong>Amida4 Enginyeria SL,<\/strong> en aplicaci\u00f3 de la normativa vigent en mat\u00e8ria de protecci\u00f3 de dades de car\u00e0cter personal, informa que les dades personals que es recullen a trav\u00e9s dels formularis del lloc web www.amida4.com s\u2019inclouen als fitxers automatitzats espec\u00edfics d\u2019usuaris dels serveis de <strong>Amida4 Enginyeria SL<\/strong>.<\/p>\n<p>La recogida y el tratamiento automatizado de los datos de car\u00e1cter personal tiene como finalidad el mantenimiento de la relaci\u00f3n comercial y el ejercicio de tareas de informaci\u00f3n, formaci\u00f3n, asesoramiento y otras actividades propias de <strong>Amida4 Enginyeria SL.<\/strong><\/p>\n<p>Estos datos \u00fanicamente se ceder\u00e1n a aquellas entidades que sean necesarias con el \u00fanico objetivo de dar cumplimiento a la finalidad anteriormente expuesta.<\/p>\n<p><strong>Amida4 Enginyeria SL<\/strong> adopta las medidas necesarias para garantizar la seguridad, integridad y confidencialidad de los datos conforme a lo establecido en el Reglamento (UE) 2016\/679 del Parlamento Europeo y del Consejo, de 27 de abril de 2016, relativo a la protecci\u00f3n de las personas f\u00edsicas en cuanto al tratamiento de los datos personales ya la libre circulaci\u00f3n de los mismos.<\/p>\n<p>El usuario podr\u00e1 en cualquier momento ejercitar los derechos de acceso, oposici\u00f3n, rectificaci\u00f3n, cancelaci\u00f3n, limitaci\u00f3n y portabilidad reconocidos en el citado Reglamento (UE). El ejercicio de estos derechos puede realizarlo el mismo usuario a trav\u00e9s de e-mail en: info@amida4.com o en la direcci\u00f3n: C\/ Gran Breta\u00f1a 11 nave 1. Pol. Ind. Les Comes. 08700 Igualada (Barcelona).<\/p>\n<p>El usuario manifiesta que todos los datos facilitados por \u00e9l son ciertos y correctos y se compromete a mantenerlos actualizados, comunicando los cambios a Amida4 Ingenier\u00eda SL.<strong><\/strong><\/p>\n<p><span style=\"font-size: 20pt;\"><br \/>Finalidad del tratamiento de los datos personales:<\/span><\/p>\n<p>\u00bfCon qu\u00e9 finalidad trataremos sus datos personales?<\/p>\n<p>A <strong>Amida4 Enginyeria SL<\/strong> trataremos sus datos personales recogidos a trav\u00e9s del sitio web www.amida4.com, con las siguientes finalidades:<\/p>\n<p style=\"padding-left: 40px;\">1. Cumplir con las obligaciones comerciales, laborales, corporativas y contables de la empresa.<\/p>\n<p style=\"padding-left: 40px;\">2. Prestar sus servicios de acuerdo con las necesidades particulares de los clientes, a fin de cumplir los contratos suscritos por \u00e9sta.<\/p>\n<p style=\"padding-left: 40px;\">3. Enviar informaci\u00f3n promocional v\u00eda electr\u00f3nica.<\/p>\n<p style=\"padding-left: 40px;\">4. Facilitar la informaci\u00f3n solicitada por el usuario a trav\u00e9s del formulario de contacto.<\/p>\n<p>Le recordamos que puede oponerse al env\u00edo de comunicaciones comerciales por cualquier v\u00eda y en cualquier momento, enviando un correo electr\u00f3nico a la direcci\u00f3n indicada anteriormente.<\/p>\n<p>Los campos de estos registros son de cumplimentaci\u00f3n obligatoria, ya que es imposible realizar las finalidades expresadas si no se aportan estos datos.<\/p>\n<p><strong>\u00bfDurante cu\u00e1nto tiempo se conservan los datos personales recogidos?<\/strong><\/p>\n<p>Los datos personales proporcionados se conservar\u00e1n mientras se mantenga la relaci\u00f3n comercial o no solicite su supresi\u00f3n y durante el plazo por el que puedan derivarse responsabilidades legales por los servicios prestados.<\/p>\n<p><span style=\"font-size: 20pt;\">Legitimaci\u00f3n<\/span><\/p>\n<p>El tratamiento de sus datos se realiza con las siguientes bases<br \/>jur\u00eddicas que le legitiman:<\/p>\n<p style=\"padding-left: 40px;\">1. La solicitud de informaci\u00f3n y\/o contrataci\u00f3n de los servicios de <strong>Amida4 Enginyeria SL<\/strong>, cuyos t\u00e9rminos y condiciones se pondr\u00e1n a disposici\u00f3n en todo caso de forma previa a una eventual contrataci\u00f3n.<\/p>\n<p style=\"padding-left: 40px;\">2. El consentimiento libre, espec\u00edfico, informado e inequ\u00edvoco, en cuanto le informamos poniendo a su disposici\u00f3n esta pol\u00edtica de privacidad, despu\u00e9s de cuya lectura, en caso de estar conforme, puede aceptar mediante declaraci\u00f3n o clara acci\u00f3n afirmativa, como el marcado de una casilla dispuesta a tal efecto.<\/p>\n<p>En caso de que no nos facilite sus datos o lo haga de forma err\u00f3nea o incumplida, no podremos atender su solicitud, por lo que resultar\u00e1 del todo imposible proporcionarle la informaci\u00f3n solicitada o llevar a cabo la contrataci\u00f3n de los servicios .<\/p>\n<p><span style=\"font-size: 24pt;\">Destinatarios<\/span><\/p>\n<p>Los datos no se comunicar\u00e1n a ning\u00fan tercero ajeno a <strong>Amida4 Enginyeria SL,<\/strong> exceptuando la obligaci\u00f3n legal.<\/p>\n<p><span style=\"font-size: 24pt;\">Datos recopilados por usuarios de los servicios<\/span><\/p>\n<p>En los casos en que el usuario incluya archivos con datos de car\u00e1cter personal en los servidores de alojamiento compartido, <strong>Amida4 Enginyeria SL<\/strong> no se hace responsable del incumplimiento por parte del usuario del RGPD.<\/p>\n<p><span style=\"font-size: 24pt;\">Retenci\u00f3n de datos de conformidad con la LSSI<\/span><\/p>\n<p><strong>Amida4 Enginyeria SL<\/strong> informa que, como prestamista del servicio de alojamiento de datos y en virtud de lo establecido en la Ley 34\/2002 de 11 de julio de Servicios de la Sociedad de la Informaci\u00f3n y de Comercio Electr\u00f3nico (LSSI), retiene por un per\u00edodo m\u00e1ximo de 12 meses la informaci\u00f3n imprescindible para identificar el origen de los datos alojados y el momento en el que se inici\u00f3 la prestaci\u00f3n del servicio. La retenci\u00f3n de estos datos no afecta al secreto de las comunicaciones y tan s\u00f3lo se podr\u00e1n utilizar en el marco de una investigaci\u00f3n criminal o para la salvaguarda de la seguridad p\u00fablica, poni\u00e9ndose a disposici\u00f3n de los jueces y\/o tribunales o del Ministerio que as\u00ed lo requiera.<\/p>\n<p>La comunicaci\u00f3n de datos a las Fuerzas y Cuerpos de Seguridad del Estado se realizar\u00e1 en virtud de lo dispuesto en la normativa sobre protecci\u00f3n de datos personales.<\/p>\n<p><span style=\"font-size: 24pt;\">Derechos de propiedad intelectual www.amida4.com<\/span><\/p>\n<p><strong>Amida4 Enginyeria SL<\/strong> es titular de todos los derechos de autor, propiedad intelectual, industrial, \u201cknow how\u201d y otros derechos que guardan relaci\u00f3n con los contenidos del sitio web www.amida4.com y los servicios que se ofrecen, as\u00ed como del programas necesarios para su implementaci\u00f3n y la informaci\u00f3n relacionada.<\/p>\n<p>No est\u00e1 permitida la reproducci\u00f3n, publicaci\u00f3n y\/o uso no estrictamente privado de los contenidos, totales o parciales, del sitio web www.amida4.com sin el consentimiento previo y por escrito.<\/p>\n<p><span style=\"font-size: 24pt;\">Propiedad intelectual del software<\/span><\/p>\n<p>El usuario debe respetar los programas de terceros puestos a su disposici\u00f3n por<strong> Amida4 Enginyeria SL<\/strong>, aunque \u00e9stos sean gratuitos y\/o de disposici\u00f3n p\u00fablica.<\/p>\n<p><strong>Amida4 Enginyeria SL<\/strong> dispone de los derechos de explotaci\u00f3n y propiedad intelectual necesarios del software.<\/p>\n<p>El usuario no adquiere ning\u00fan derecho o licencia por el servicio contratado, sobre el software necesario para la prestaci\u00f3n del servicio, ni tampoco sobre la informaci\u00f3n t\u00e9cnica de seguimiento del servicio, con excepci\u00f3n de los derechos y licencias necesarios para el cumplimiento de los servicios contratados y \u00fanicamente durante la duraci\u00f3n de \u00e9stos.<\/p>\n<p>Para toda actuaci\u00f3n que exceda del cumplimiento del contrato, el usuario necesitar\u00e1 autorizaci\u00f3n por escrito por parte de Amida4 Enginyeria SL, qued\u00e1ndole prohibido al usuario acceder, modificar, visualizar, la configuraci\u00f3n, estructura y ficheros de los servidores propiedad de Amida4 Ingenier\u00eda SL, asumiendo la responsabilidad civil y penal derivada de cualquier incidencia que pudiera producirse en los servidores y sistemas de seguridad como consecuencia directa de una actuaci\u00f3n negligente o maliciosa por su parte.<\/p>\n<p><span style=\"font-size: 24pt;\">Propiedad intelectual de los contenidos alojados<\/span><\/p>\n<p>Se proh\u00edbe el uso contrario a la legislaci\u00f3n sobre propiedad intelectual de los servicios prestados por <strong>Amida4 Enginyeria SL<\/strong> y, en particular de:<\/p>\n<p style=\"padding-left: 40px;\">\u2022 La utilizaci\u00f3n que resulte contraria a las leyes espa\u00f1olas o que infrinja los derechos de terceros.<\/p>\n<p style=\"padding-left: 40px;\">\u2022 La publicaci\u00f3n o la transmisi\u00f3n de cualquier contenido que, a juicio de <strong>Amida4 Enginyeria SL,<\/strong> resulte violento, obsceno, abusivo, ilegal, racial, xen\u00f3fobo o difamatorio.<\/p>\n<p style=\"padding-left: 40px;\">\u2022 Los cracks, n\u00fameros de serie de programas o cualquier otro contenido que vulnere los derechos de la propiedad intelectual de terceros.<\/p>\n<p style=\"padding-left: 40px;\">\u2022 La recogida y\/o utilizaci\u00f3n de datos personales de otros usuarios sin su consentimiento expreso o que contravenga lo dispuesto en el Reglamento (UE) 2016\/679 del Parlamento Europeo y del Consejo, de 27 de abril de 2016, relativo a la protecci\u00f3n de las personas f\u00edsicas en cuanto al tratamiento de datos personales ya su libre circulaci\u00f3n.<\/p>\n<p style=\"padding-left: 40px;\">\u2022 La utilizaci\u00f3n del servidor de correo del dominio y de las direcciones de correo electr\u00f3nico para el env\u00edo de correo masivo no deseado.<\/p>\n<p>El usuario tiene toda la responsabilidad sobre el contenido de su web, la informaci\u00f3n transmitida y almacenada, los enlaces de hipertexto, las reivindicaciones de terceros y las acciones legales en referencia a propiedad intelectual, derechos de terceros y protecci\u00f3n de menores .<\/p>\n<p>El usuario es responsable respecto de las leyes y reglamentos en vigor y las reglas relacionadas con el funcionamiento del servicio online, comercio electr\u00f3nico, derechos de autor, mantenimiento del orden p\u00fablico, as\u00ed como principios universales de uso de &#8216;Internet.<\/p>\n<p>El usuario indemnizar\u00e1 a<strong>Amida4 Enginyeria SL<\/strong> por los gastos que genere la imputaci\u00f3n de <strong>Amida4 Enginyeria SL<\/strong> en alguna causa cuya responsabilidad fuese atribuible al usuario, incluidos honorarios y gastos de defensa jur\u00eddica, incluso en el caso de una decisi\u00f3n judicial no definitiva.<\/p>\n<p><span style=\"font-size: 24pt;\">Protecci\u00f3n de la informaci\u00f3n alojada<\/span><\/p>\n<p><strong>Amida4 Enginyeria SL<\/strong> realiza copias de seguridad de los contenidos alojados en sus servidores; sin embargo, no se responsabiliza de la p\u00e9rdida o borrado accidental de los datos por parte de los usuarios. De la misma forma, no garantiza la reposici\u00f3n total de los datos borrados por los usuarios, ya que dichos datos podr\u00edan haber sido suprimidos y\/o modificados durante el per\u00edodo de tiempo transcurrido desde la \u00faltima copia de seguridad.<\/p>\n<p>Los servicios ofrecidos, excepto los servicios espec\u00edficos de backup, no incluyen la reposici\u00f3n de los contenidos conservados en las copias de seguridad realizadas por <strong>Amida4 Enginyeria SL<\/strong>, cuando esta p\u00e9rdida sea imputable al usuario; en este caso, se determinar\u00e1 una tarifa que concuerde con la complejidad y volumen de la recuperaci\u00f3n, siempre previa aceptaci\u00f3n del usuario.<\/p>\n<p>La reposici\u00f3n de datos borrados s\u00f3lo est\u00e1 incluida en el precio del servicio cuando la p\u00e9rdida del contenido se deba a causas atribuibles <strong>Amida4 Enginyeria SL.<\/strong><\/p>\n<p><span style=\"font-size: 24pt;\">Comunicaciones comerciales<\/span><\/p>\n<p>En aplicaci\u00f3n de la LSSI,<strong>Amida4 Enginyeria SL<\/strong>no enviar\u00e1 comunicaciones publicitarias o promocionales por correo electr\u00f3nico u otro medio de comunicaci\u00f3n electr\u00f3nica equivalente que previamente no hubiera sido solicitado o expresamente autorizado por los destinatarios de las mismas.<\/p>\n<p>En el caso de usuarios con los que exista una relaci\u00f3n contractual previa, <strong>Amida4 Enginyeria SL<\/strong> s\u00ed est\u00e1 autorizado al env\u00edo de comunicaciones comerciales referentes a productos o servicios de Amida4 Ingenier\u00eda SL que sean similares a los que inicialmente fueron objeto de contrataci\u00f3n con el cliente.<\/p>\n<p>En cualquier caso el usuario, tras acreditar su identidad, podr\u00e1 solicitar que no se le haga llegar m\u00e1s informaci\u00f3n comercial a trav\u00e9s de los canales de Atenci\u00f3n al Cliente.<\/p>\n\t\t\t\t\t\t\t\t<\/div>\n\t\t\t\t<\/div>\n\t\t\t\t<div class=\"elementor-element elementor-element-dacfeec sc_fly_static elementor-widget elementor-widget-spacer\" data-id=\"dacfeec\" data-element_type=\"widget\" data-e-type=\"widget\" data-widget_type=\"spacer.default\">\n\t\t\t\t<div class=\"elementor-widget-container\">\n\t\t\t\t\t\t\t<div class=\"elementor-spacer\">\n\t\t\t<div class=\"elementor-spacer-inner\"><\/div>\n\t\t<\/div>\n\t\t\t\t\t\t<\/div>\n\t\t\t\t<\/div>\n\t\t\t\t\t<\/div>\n\t\t<\/div>\n\t\t\t\t\t<\/div>\n\t\t<\/section>\n\t\t\t\t<\/div>\n\t\t","protected":false},"excerpt":{"rendered":"<p>Pol\u00edtica de privacidad Protecci\u00f3n de datos de car\u00e1cter personal seg\u00fan el RGPD Amida4 Enginyeria SL,&hellip;<\/p>\n","protected":false},"author":1,"featured_media":0,"parent":0,"menu_order":0,"comment_status":"closed","ping_status":"closed","template":"","meta":{"inline_featured_image":false,"footnotes":""},"class_list":["post-27509","page","type-page","status-publish","hentry"],"yoast_head":"<!-- This site is optimized with the Yoast SEO plugin v27.2 - https:\/\/yoast.com\/product\/yoast-seo-wordpress\/ -->\n<title>Pol\u00edtica de privacidad | Amida 4<\/title>\n<meta name=\"robots\" content=\"index, follow, max-snippet:-1, max-image-preview:large, max-video-preview:-1\" \/>\n<link rel=\"canonical\" href=\"https:\/\/amida4.com\/politica-de-privacidad\/\" \/>\n<meta property=\"og:locale\" content=\"es_ES\" \/>\n<meta property=\"og:type\" content=\"article\" \/>\n<meta property=\"og:title\" content=\"Pol\u00edtica de privacidad | Amida 4\" \/>\n<meta property=\"og:description\" content=\"Pol\u00edtica de privacidad Protecci\u00f3n de datos de car\u00e1cter personal seg\u00fan el RGPD Amida4 Enginyeria SL,&hellip;\" \/>\n<meta property=\"og:url\" content=\"https:\/\/amida4.com\/politica-de-privacidad\/\" \/>\n<meta property=\"og:site_name\" content=\"Amida 4\" \/>\n<meta property=\"article:modified_time\" content=\"2024-05-31T09:25:30+00:00\" \/>\n<meta property=\"og:image\" content=\"https:\/\/amida4.com\/wp-content\/uploads\/2023\/07\/Recurso-7@2x.png\" \/>\n\t<meta property=\"og:image:width\" content=\"471\" \/>\n\t<meta property=\"og:image:height\" content=\"470\" \/>\n\t<meta property=\"og:image:type\" content=\"image\/png\" \/>\n<meta name=\"twitter:card\" content=\"summary_large_image\" \/>\n<meta name=\"twitter:label1\" content=\"Tiempo de lectura\" \/>\n\t<meta name=\"twitter:data1\" content=\"9 minutos\" \/>\n<script type=\"application\/ld+json\" class=\"yoast-schema-graph\">{\"@context\":\"https:\/\/schema.org\",\"@graph\":[{\"@type\":\"WebPage\",\"@id\":\"https:\/\/amida4.com\/politica-de-privacidad\/\",\"url\":\"https:\/\/amida4.com\/politica-de-privacidad\/\",\"name\":\"Pol\u00edtica de privacidad | Amida 4\",\"isPartOf\":{\"@id\":\"https:\/\/amida4.com\/#website\"},\"datePublished\":\"2023-06-12T14:03:40+00:00\",\"dateModified\":\"2024-05-31T09:25:30+00:00\",\"breadcrumb\":{\"@id\":\"https:\/\/amida4.com\/politica-de-privacidad\/#breadcrumb\"},\"inLanguage\":\"es\",\"potentialAction\":[{\"@type\":\"ReadAction\",\"target\":[\"https:\/\/amida4.com\/politica-de-privacidad\/\"]}]},{\"@type\":\"BreadcrumbList\",\"@id\":\"https:\/\/amida4.com\/politica-de-privacidad\/#breadcrumb\",\"itemListElement\":[{\"@type\":\"ListItem\",\"position\":1,\"name\":\"Inici\",\"item\":\"https:\/\/amida4.com\/home\/\"},{\"@type\":\"ListItem\",\"position\":2,\"name\":\"Pol\u00edtica de privacidad\"}]},{\"@type\":\"WebSite\",\"@id\":\"https:\/\/amida4.com\/#website\",\"url\":\"https:\/\/amida4.com\/\",\"name\":\"Amida4\",\"description\":\"Enginyeria especialitzada en tecnologies d&#039;automatitzacio, control i supervisi\u00f3 de m\u00e0quines, equips i processos.\",\"publisher\":{\"@id\":\"https:\/\/amida4.com\/#organization\"},\"alternateName\":\"Enginyeria especialitzada en tecnologies\",\"potentialAction\":[{\"@type\":\"SearchAction\",\"target\":{\"@type\":\"EntryPoint\",\"urlTemplate\":\"https:\/\/amida4.com\/?s={search_term_string}\"},\"query-input\":{\"@type\":\"PropertyValueSpecification\",\"valueRequired\":true,\"valueName\":\"search_term_string\"}}],\"inLanguage\":\"es\"},{\"@type\":\"Organization\",\"@id\":\"https:\/\/amida4.com\/#organization\",\"name\":\"Amida4\",\"url\":\"https:\/\/amida4.com\/\",\"logo\":{\"@type\":\"ImageObject\",\"inLanguage\":\"es\",\"@id\":\"https:\/\/amida4.com\/#\/schema\/logo\/image\/\",\"url\":\"https:\/\/amida4.com\/wp-content\/uploads\/2023\/07\/cropped-Recurso-7@2x.png\",\"contentUrl\":\"https:\/\/amida4.com\/wp-content\/uploads\/2023\/07\/cropped-Recurso-7@2x.png\",\"width\":512,\"height\":512,\"caption\":\"Amida4\"},\"image\":{\"@id\":\"https:\/\/amida4.com\/#\/schema\/logo\/image\/\"}}]}<\/script>\n<!-- \/ Yoast SEO plugin. -->","yoast_head_json":{"title":"Pol\u00edtica de privacidad | Amida 4","robots":{"index":"index","follow":"follow","max-snippet":"max-snippet:-1","max-image-preview":"max-image-preview:large","max-video-preview":"max-video-preview:-1"},"canonical":"https:\/\/amida4.com\/politica-de-privacidad\/","og_locale":"es_ES","og_type":"article","og_title":"Pol\u00edtica de privacidad | Amida 4","og_description":"Pol\u00edtica de privacidad Protecci\u00f3n de datos de car\u00e1cter personal seg\u00fan el RGPD Amida4 Enginyeria SL,&hellip;","og_url":"https:\/\/amida4.com\/politica-de-privacidad\/","og_site_name":"Amida 4","article_modified_time":"2024-05-31T09:25:30+00:00","og_image":[{"width":471,"height":470,"url":"https:\/\/amida4.com\/wp-content\/uploads\/2023\/07\/Recurso-7@2x.png","type":"image\/png"}],"twitter_card":"summary_large_image","twitter_misc":{"Tiempo de lectura":"9 minutos"},"schema":{"@context":"https:\/\/schema.org","@graph":[{"@type":"WebPage","@id":"https:\/\/amida4.com\/politica-de-privacidad\/","url":"https:\/\/amida4.com\/politica-de-privacidad\/","name":"Pol\u00edtica de privacidad | Amida 4","isPartOf":{"@id":"https:\/\/amida4.com\/#website"},"datePublished":"2023-06-12T14:03:40+00:00","dateModified":"2024-05-31T09:25:30+00:00","breadcrumb":{"@id":"https:\/\/amida4.com\/politica-de-privacidad\/#breadcrumb"},"inLanguage":"es","potentialAction":[{"@type":"ReadAction","target":["https:\/\/amida4.com\/politica-de-privacidad\/"]}]},{"@type":"BreadcrumbList","@id":"https:\/\/amida4.com\/politica-de-privacidad\/#breadcrumb","itemListElement":[{"@type":"ListItem","position":1,"name":"Inici","item":"https:\/\/amida4.com\/home\/"},{"@type":"ListItem","position":2,"name":"Pol\u00edtica de privacidad"}]},{"@type":"WebSite","@id":"https:\/\/amida4.com\/#website","url":"https:\/\/amida4.com\/","name":"Amida4","description":"Enginyeria especialitzada en tecnologies d&#039;automatitzacio, control i supervisi\u00f3 de m\u00e0quines, equips i processos.","publisher":{"@id":"https:\/\/amida4.com\/#organization"},"alternateName":"Enginyeria especialitzada en tecnologies","potentialAction":[{"@type":"SearchAction","target":{"@type":"EntryPoint","urlTemplate":"https:\/\/amida4.com\/?s={search_term_string}"},"query-input":{"@type":"PropertyValueSpecification","valueRequired":true,"valueName":"search_term_string"}}],"inLanguage":"es"},{"@type":"Organization","@id":"https:\/\/amida4.com\/#organization","name":"Amida4","url":"https:\/\/amida4.com\/","logo":{"@type":"ImageObject","inLanguage":"es","@id":"https:\/\/amida4.com\/#\/schema\/logo\/image\/","url":"https:\/\/amida4.com\/wp-content\/uploads\/2023\/07\/cropped-Recurso-7@2x.png","contentUrl":"https:\/\/amida4.com\/wp-content\/uploads\/2023\/07\/cropped-Recurso-7@2x.png","width":512,"height":512,"caption":"Amida4"},"image":{"@id":"https:\/\/amida4.com\/#\/schema\/logo\/image\/"}}]}},"_links":{"self":[{"href":"https:\/\/amida4.com\/es\/wp-json\/wp\/v2\/pages\/27509","targetHints":{"allow":["GET"]}}],"collection":[{"href":"https:\/\/amida4.com\/es\/wp-json\/wp\/v2\/pages"}],"about":[{"href":"https:\/\/amida4.com\/es\/wp-json\/wp\/v2\/types\/page"}],"author":[{"embeddable":true,"href":"https:\/\/amida4.com\/es\/wp-json\/wp\/v2\/users\/1"}],"replies":[{"embeddable":true,"href":"https:\/\/amida4.com\/es\/wp-json\/wp\/v2\/comments?post=27509"}],"version-history":[{"count":1,"href":"https:\/\/amida4.com\/es\/wp-json\/wp\/v2\/pages\/27509\/revisions"}],"predecessor-version":[{"id":27511,"href":"https:\/\/amida4.com\/es\/wp-json\/wp\/v2\/pages\/27509\/revisions\/27511"}],"wp:attachment":[{"href":"https:\/\/amida4.com\/es\/wp-json\/wp\/v2\/media?parent=27509"}],"curies":[{"name":"wp","href":"https:\/\/api.w.org\/{rel}","templated":true}]}}