{"id":31517,"date":"2025-12-15T12:52:06","date_gmt":"2025-12-15T12:52:06","guid":{"rendered":"https:\/\/amida4.com\/?page_id=31517"},"modified":"2025-12-15T13:21:29","modified_gmt":"2025-12-15T13:21:29","slug":"gracias","status":"publish","type":"page","link":"https:\/\/amida4.com\/es\/gracias\/","title":{"rendered":"Gracias"},"content":{"rendered":"\t\t<div data-elementor-type=\"wp-page\" data-elementor-id=\"31517\" class=\"elementor elementor-31517 elementor-31511\" data-elementor-post-type=\"page\">\n\t\t\t\t\t\t<section class=\"elementor-section elementor-inner-section elementor-element elementor-element-ed7fe40 scheme_dark elementor-section-full_width elementor-section-height-default elementor-section-height-default sc_fly_static\" data-id=\"ed7fe40\" data-element_type=\"section\" data-e-type=\"section\" data-settings=\"{&quot;background_background&quot;:&quot;classic&quot;}\">\n\t\t\t\t\t\t\t<div class=\"elementor-background-overlay\"><\/div>\n\t\t\t\t\t\t\t<div class=\"elementor-container elementor-column-gap-extended\">\n\t\t\t\t\t<div class=\"elementor-column elementor-col-100 elementor-inner-column elementor-element elementor-element-78e889a sc_content_align_inherit sc_layouts_column_icons_position_left sc_fly_static\" data-id=\"78e889a\" data-element_type=\"column\" data-e-type=\"column\" data-settings=\"{&quot;background_background&quot;:&quot;classic&quot;}\">\n\t\t\t<div class=\"elementor-widget-wrap\">\n\t\t\t\t\t\t\t<\/div>\n\t\t<\/div>\n\t\t\t\t\t<\/div>\n\t\t<\/section>\n\t\t\t\t<section class=\"elementor-section elementor-top-section elementor-element elementor-element-9ab17e2 elementor-section-full_width elementor-section-height-default elementor-section-height-default sc_fly_static\" data-id=\"9ab17e2\" data-element_type=\"section\" data-e-type=\"section\" data-settings=\"{&quot;background_background&quot;:&quot;classic&quot;}\">\n\t\t\t\t\t\t<div class=\"elementor-container elementor-column-gap-extended\">\n\t\t\t\t\t<div class=\"elementor-column elementor-col-50 elementor-top-column elementor-element elementor-element-70befb8 sc_content_align_inherit sc_layouts_column_icons_position_left sc_fly_static\" data-id=\"70befb8\" data-element_type=\"column\" data-e-type=\"column\">\n\t\t\t<div class=\"elementor-widget-wrap elementor-element-populated\">\n\t\t\t\t\t\t<div class=\"elementor-element elementor-element-b12a7b2 sc_fly_static elementor-widget elementor-widget-trx_sc_title\" data-id=\"b12a7b2\" data-element_type=\"widget\" data-e-type=\"widget\" data-widget_type=\"trx_sc_title.default\">\n\t\t\t\t<div class=\"elementor-widget-container\">\n\t\t\t\t\t<div\t\tclass=\"sc_title sc_title_default\" ><h1 class=\"sc_item_title sc_title_title sc_item_title_style_default sc_item_title_tag\"\n\t\t\t><span class=\"sc_item_title_text\">\u00a1Gracias por contactarnos!<\/span><\/h1><\/div>\t\t\t\t<\/div>\n\t\t\t\t<\/div>\n\t\t\t\t<div class=\"elementor-element elementor-element-6b621ec sc_fly_static elementor-widget elementor-widget-spacer\" data-id=\"6b621ec\" data-element_type=\"widget\" data-e-type=\"widget\" data-widget_type=\"spacer.default\">\n\t\t\t\t<div class=\"elementor-widget-container\">\n\t\t\t\t\t\t\t<div class=\"elementor-spacer\">\n\t\t\t<div class=\"elementor-spacer-inner\"><\/div>\n\t\t<\/div>\n\t\t\t\t\t\t<\/div>\n\t\t\t\t<\/div>\n\t\t\t\t\t<\/div>\n\t\t<\/div>\n\t\t\t\t<div class=\"elementor-column elementor-col-50 elementor-top-column elementor-element elementor-element-ee8deee sc_content_align_inherit sc_layouts_column_icons_position_left sc_fly_static\" data-id=\"ee8deee\" data-element_type=\"column\" data-e-type=\"column\">\n\t\t\t<div class=\"elementor-widget-wrap elementor-element-populated\">\n\t\t\t\t\t\t<div class=\"elementor-element elementor-element-b4fbd7d elementor-widget__width-initial sc_fly_static elementor-widget elementor-widget-text-editor\" data-id=\"b4fbd7d\" data-element_type=\"widget\" data-e-type=\"widget\" data-widget_type=\"text-editor.default\">\n\t\t\t\t<div class=\"elementor-widget-container\">\n\t\t\t\t\t\t\t\t\t<p data-start=\"415\" data-end=\"668\">Hemos recibido tu formulario correctamente y un miembro de nuestro equipo se pondr\u00e1 en contacto contigo pronto. Mientras tanto, puedes visitar nuestra p\u00e1gina web para conocer m\u00e1s sobre nuestros servicios.<\/p>\n\t\t\t\t\t\t\t\t<\/div>\n\t\t\t\t<\/div>\n\t\t\t\t<div class=\"elementor-element elementor-element-dacfeec sc_fly_static elementor-widget elementor-widget-spacer\" data-id=\"dacfeec\" data-element_type=\"widget\" data-e-type=\"widget\" data-widget_type=\"spacer.default\">\n\t\t\t\t<div class=\"elementor-widget-container\">\n\t\t\t\t\t\t\t<div class=\"elementor-spacer\">\n\t\t\t<div class=\"elementor-spacer-inner\"><\/div>\n\t\t<\/div>\n\t\t\t\t\t\t<\/div>\n\t\t\t\t<\/div>\n\t\t\t\t\t<\/div>\n\t\t<\/div>\n\t\t\t\t\t<\/div>\n\t\t<\/section>\n\t\t\t\t<\/div>\n\t\t","protected":false},"excerpt":{"rendered":"<p>\u00a1Gracias por contactarnos! Hemos recibido tu formulario correctamente y un miembro de nuestro equipo se&hellip;<\/p>\n","protected":false},"author":1,"featured_media":0,"parent":0,"menu_order":0,"comment_status":"closed","ping_status":"closed","template":"elementor_header_footer","meta":{"inline_featured_image":false,"footnotes":""},"class_list":["post-31517","page","type-page","status-publish","hentry"],"yoast_head":"<!-- This site is optimized with the Yoast SEO plugin v27.2 - https:\/\/yoast.com\/product\/yoast-seo-wordpress\/ -->\n<title>Gracias | Amida 4<\/title>\n<meta name=\"robots\" content=\"index, follow, max-snippet:-1, max-image-preview:large, max-video-preview:-1\" \/>\n<link rel=\"canonical\" href=\"https:\/\/amida4.com\/gracias\/?lang=es\" \/>\n<meta property=\"og:locale\" content=\"es_ES\" \/>\n<meta property=\"og:type\" content=\"article\" \/>\n<meta property=\"og:title\" content=\"Gracias | Amida 4\" \/>\n<meta property=\"og:description\" content=\"\u00a1Gracias por contactarnos! Hemos recibido tu formulario correctamente y un miembro de nuestro equipo se&hellip;\" \/>\n<meta property=\"og:url\" content=\"https:\/\/amida4.com\/gracias\/?lang=es\" \/>\n<meta property=\"og:site_name\" content=\"Amida 4\" \/>\n<meta property=\"article:modified_time\" content=\"2025-12-15T13:21:29+00:00\" \/>\n<meta property=\"og:image\" content=\"https:\/\/amida4.com\/wp-content\/uploads\/2023\/07\/Recurso-7@2x.png\" \/>\n\t<meta property=\"og:image:width\" content=\"471\" \/>\n\t<meta property=\"og:image:height\" content=\"470\" \/>\n\t<meta property=\"og:image:type\" content=\"image\/png\" \/>\n<meta name=\"twitter:card\" content=\"summary_large_image\" \/>\n<meta name=\"twitter:label1\" content=\"Tiempo de lectura\" \/>\n\t<meta name=\"twitter:data1\" content=\"1 minuto\" \/>\n<script type=\"application\/ld+json\" class=\"yoast-schema-graph\">{\"@context\":\"https:\/\/schema.org\",\"@graph\":[{\"@type\":\"WebPage\",\"@id\":\"https:\/\/amida4.com\/gracias\/?lang=es\",\"url\":\"https:\/\/amida4.com\/gracias\/?lang=es\",\"name\":\"Gracias | Amida 4\",\"isPartOf\":{\"@id\":\"https:\/\/amida4.com\/#website\"},\"datePublished\":\"2025-12-15T12:52:06+00:00\",\"dateModified\":\"2025-12-15T13:21:29+00:00\",\"breadcrumb\":{\"@id\":\"https:\/\/amida4.com\/gracias\/?lang=es#breadcrumb\"},\"inLanguage\":\"es\",\"potentialAction\":[{\"@type\":\"ReadAction\",\"target\":[\"https:\/\/amida4.com\/gracias\/?lang=es\"]}]},{\"@type\":\"BreadcrumbList\",\"@id\":\"https:\/\/amida4.com\/gracias\/?lang=es#breadcrumb\",\"itemListElement\":[{\"@type\":\"ListItem\",\"position\":1,\"name\":\"Inici\",\"item\":\"https:\/\/amida4.com\/home\/\"},{\"@type\":\"ListItem\",\"position\":2,\"name\":\"Gracias\"}]},{\"@type\":\"WebSite\",\"@id\":\"https:\/\/amida4.com\/#website\",\"url\":\"https:\/\/amida4.com\/\",\"name\":\"Amida4\",\"description\":\"Enginyeria especialitzada en tecnologies d&#039;automatitzacio, control i supervisi\u00f3 de m\u00e0quines, equips i processos.\",\"publisher\":{\"@id\":\"https:\/\/amida4.com\/#organization\"},\"alternateName\":\"Enginyeria especialitzada en tecnologies\",\"potentialAction\":[{\"@type\":\"SearchAction\",\"target\":{\"@type\":\"EntryPoint\",\"urlTemplate\":\"https:\/\/amida4.com\/?s={search_term_string}\"},\"query-input\":{\"@type\":\"PropertyValueSpecification\",\"valueRequired\":true,\"valueName\":\"search_term_string\"}}],\"inLanguage\":\"es\"},{\"@type\":\"Organization\",\"@id\":\"https:\/\/amida4.com\/#organization\",\"name\":\"Amida4\",\"url\":\"https:\/\/amida4.com\/\",\"logo\":{\"@type\":\"ImageObject\",\"inLanguage\":\"es\",\"@id\":\"https:\/\/amida4.com\/#\/schema\/logo\/image\/\",\"url\":\"https:\/\/amida4.com\/wp-content\/uploads\/2023\/07\/cropped-Recurso-7@2x.png\",\"contentUrl\":\"https:\/\/amida4.com\/wp-content\/uploads\/2023\/07\/cropped-Recurso-7@2x.png\",\"width\":512,\"height\":512,\"caption\":\"Amida4\"},\"image\":{\"@id\":\"https:\/\/amida4.com\/#\/schema\/logo\/image\/\"}}]}<\/script>\n<!-- \/ Yoast SEO plugin. -->","yoast_head_json":{"title":"Gracias | Amida 4","robots":{"index":"index","follow":"follow","max-snippet":"max-snippet:-1","max-image-preview":"max-image-preview:large","max-video-preview":"max-video-preview:-1"},"canonical":"https:\/\/amida4.com\/gracias\/?lang=es","og_locale":"es_ES","og_type":"article","og_title":"Gracias | Amida 4","og_description":"\u00a1Gracias por contactarnos! Hemos recibido tu formulario correctamente y un miembro de nuestro equipo se&hellip;","og_url":"https:\/\/amida4.com\/gracias\/?lang=es","og_site_name":"Amida 4","article_modified_time":"2025-12-15T13:21:29+00:00","og_image":[{"width":471,"height":470,"url":"https:\/\/amida4.com\/wp-content\/uploads\/2023\/07\/Recurso-7@2x.png","type":"image\/png"}],"twitter_card":"summary_large_image","twitter_misc":{"Tiempo de lectura":"1 minuto"},"schema":{"@context":"https:\/\/schema.org","@graph":[{"@type":"WebPage","@id":"https:\/\/amida4.com\/gracias\/?lang=es","url":"https:\/\/amida4.com\/gracias\/?lang=es","name":"Gracias | Amida 4","isPartOf":{"@id":"https:\/\/amida4.com\/#website"},"datePublished":"2025-12-15T12:52:06+00:00","dateModified":"2025-12-15T13:21:29+00:00","breadcrumb":{"@id":"https:\/\/amida4.com\/gracias\/?lang=es#breadcrumb"},"inLanguage":"es","potentialAction":[{"@type":"ReadAction","target":["https:\/\/amida4.com\/gracias\/?lang=es"]}]},{"@type":"BreadcrumbList","@id":"https:\/\/amida4.com\/gracias\/?lang=es#breadcrumb","itemListElement":[{"@type":"ListItem","position":1,"name":"Inici","item":"https:\/\/amida4.com\/home\/"},{"@type":"ListItem","position":2,"name":"Gracias"}]},{"@type":"WebSite","@id":"https:\/\/amida4.com\/#website","url":"https:\/\/amida4.com\/","name":"Amida4","description":"Enginyeria especialitzada en tecnologies d&#039;automatitzacio, control i supervisi\u00f3 de m\u00e0quines, equips i processos.","publisher":{"@id":"https:\/\/amida4.com\/#organization"},"alternateName":"Enginyeria especialitzada en tecnologies","potentialAction":[{"@type":"SearchAction","target":{"@type":"EntryPoint","urlTemplate":"https:\/\/amida4.com\/?s={search_term_string}"},"query-input":{"@type":"PropertyValueSpecification","valueRequired":true,"valueName":"search_term_string"}}],"inLanguage":"es"},{"@type":"Organization","@id":"https:\/\/amida4.com\/#organization","name":"Amida4","url":"https:\/\/amida4.com\/","logo":{"@type":"ImageObject","inLanguage":"es","@id":"https:\/\/amida4.com\/#\/schema\/logo\/image\/","url":"https:\/\/amida4.com\/wp-content\/uploads\/2023\/07\/cropped-Recurso-7@2x.png","contentUrl":"https:\/\/amida4.com\/wp-content\/uploads\/2023\/07\/cropped-Recurso-7@2x.png","width":512,"height":512,"caption":"Amida4"},"image":{"@id":"https:\/\/amida4.com\/#\/schema\/logo\/image\/"}}]}},"_links":{"self":[{"href":"https:\/\/amida4.com\/es\/wp-json\/wp\/v2\/pages\/31517","targetHints":{"allow":["GET"]}}],"collection":[{"href":"https:\/\/amida4.com\/es\/wp-json\/wp\/v2\/pages"}],"about":[{"href":"https:\/\/amida4.com\/es\/wp-json\/wp\/v2\/types\/page"}],"author":[{"embeddable":true,"href":"https:\/\/amida4.com\/es\/wp-json\/wp\/v2\/users\/1"}],"replies":[{"embeddable":true,"href":"https:\/\/amida4.com\/es\/wp-json\/wp\/v2\/comments?post=31517"}],"version-history":[{"count":4,"href":"https:\/\/amida4.com\/es\/wp-json\/wp\/v2\/pages\/31517\/revisions"}],"predecessor-version":[{"id":31529,"href":"https:\/\/amida4.com\/es\/wp-json\/wp\/v2\/pages\/31517\/revisions\/31529"}],"wp:attachment":[{"href":"https:\/\/amida4.com\/es\/wp-json\/wp\/v2\/media?parent=31517"}],"curies":[{"name":"wp","href":"https:\/\/api.w.org\/{rel}","templated":true}]}}